{"id":1269,"date":"2021-06-27T21:24:10","date_gmt":"2021-06-27T19:24:10","guid":{"rendered":"http:\/\/julienlaborde.fr\/?page_id=1269"},"modified":"2021-07-07T16:19:14","modified_gmt":"2021-07-07T14:19:14","slug":"conception-de-jardins","status":"publish","type":"page","link":"https:\/\/julienlaborde.fr\/?page_id=1269","title":{"rendered":"Conception de jardins"},"content":{"rendered":"\t\t<div data-elementor-type=\"wp-page\" data-elementor-id=\"1269\" class=\"elementor elementor-1269\" data-elementor-settings=\"[]\">\n\t\t\t\t\t\t<div class=\"elementor-inner\">\n\t\t\t\t\t\t\t<div class=\"elementor-section-wrap\">\n\t\t\t\t\t\t\t<section class=\"elementor-section elementor-top-section elementor-element elementor-element-d041ace elementor-section-boxed elementor-section-height-default elementor-section-height-default\" data-id=\"d041ace\" data-element_type=\"section\">\n\t\t\t\t\t\t<div class=\"elementor-container elementor-column-gap-default\">\n\t\t\t\t\t\t\t<div class=\"elementor-row\">\n\t\t\t\t\t<div class=\"elementor-column elementor-col-100 elementor-top-column elementor-element elementor-element-92aba8b\" data-id=\"92aba8b\" data-element_type=\"column\">\n\t\t\t<div class=\"elementor-column-wrap\">\n\t\t\t\t\t\t\t<div class=\"elementor-widget-wrap\">\n\t\t\t\t\t\t\t\t<\/div>\n\t\t\t\t\t<\/div>\n\t\t<\/div>\n\t\t\t\t\t\t\t\t<\/div>\n\t\t\t\t\t<\/div>\n\t\t<\/section>\n\t\t\t\t<section class=\"elementor-section elementor-top-section elementor-element elementor-element-00ccf43 elementor-section-boxed elementor-section-height-default elementor-section-height-default\" data-id=\"00ccf43\" data-element_type=\"section\">\n\t\t\t\t\t\t<div class=\"elementor-container elementor-column-gap-default\">\n\t\t\t\t\t\t\t<div class=\"elementor-row\">\n\t\t\t\t\t<div class=\"elementor-column elementor-col-100 elementor-top-column elementor-element elementor-element-2d05dd4\" data-id=\"2d05dd4\" data-element_type=\"column\">\n\t\t\t<div class=\"elementor-column-wrap elementor-element-populated\">\n\t\t\t\t\t\t\t<div class=\"elementor-widget-wrap\">\n\t\t\t\t\t\t<div class=\"elementor-element elementor-element-533c5cf elementor-widget elementor-widget-text-editor\" data-id=\"533c5cf\" data-element_type=\"widget\" data-widget_type=\"text-editor.default\">\n\t\t\t\t<div class=\"elementor-widget-container\">\n\t\t\t\t\t<div class=\"elementor-text-editor elementor-clearfix\"><h1>Conception de jardins<\/h1>\n<p>Nous vous accompagnons pour l&rsquo;am\u00e9nagement de votre terrasse, jardin ou parc. Nos formules vont du conseil ou esquisse jusqu&rsquo;\u00e0 la conception compl\u00e8te.<\/p>\n<p>D\u00e9couvrez nos diff\u00e9rentes formules et tarifs:<\/p>\n<p><a href=\"http:\/\/julienlaborde.fr\/wp-content\/uploads\/2021\/06\/Fiche-presentation.pdf\">Cliquer ici<\/a><\/p><\/div>\n\t\t\t\t<\/div>\n\t\t\t\t<\/div>\n\t\t\t\t\t\t<\/div>\n\t\t\t\t\t<\/div>\n\t\t<\/div>\n\t\t\t\t\t\t\t\t<\/div>\n\t\t\t\t\t<\/div>\n\t\t<\/section>\n\t\t\t\t<section class=\"elementor-section elementor-top-section elementor-element elementor-element-d31c2d5 elementor-section-boxed elementor-section-height-default elementor-section-height-default\" data-id=\"d31c2d5\" data-element_type=\"section\">\n\t\t\t\t\t\t<div class=\"elementor-container elementor-column-gap-wider\">\n\t\t\t\t\t\t\t<div class=\"elementor-row\">\n\t\t\t\t\t<div class=\"elementor-column elementor-col-33 elementor-top-column elementor-element elementor-element-f376d8e\" data-id=\"f376d8e\" data-element_type=\"column\">\n\t\t\t<div class=\"elementor-column-wrap elementor-element-populated\">\n\t\t\t\t\t\t\t<div class=\"elementor-widget-wrap\">\n\t\t\t\t\t\t<div class=\"elementor-element elementor-element-25ac27d elementor-position-top elementor-vertical-align-top elementor-widget elementor-widget-image-box\" data-id=\"25ac27d\" data-element_type=\"widget\" data-widget_type=\"image-box.default\">\n\t\t\t\t<div class=\"elementor-widget-container\">\n\t\t\t<div class=\"elementor-image-box-wrapper\"><figure class=\"elementor-image-box-img\"><img width=\"768\" height=\"480\" src=\"https:\/\/julienlaborde.fr\/wp-content\/uploads\/2021\/06\/Tarnos-768x480.jpg\" class=\"attachment-medium_large size-medium_large\" alt=\"\" loading=\"lazy\" srcset=\"https:\/\/julienlaborde.fr\/wp-content\/uploads\/2021\/06\/Tarnos-768x480.jpg 768w, https:\/\/julienlaborde.fr\/wp-content\/uploads\/2021\/06\/Tarnos-300x188.jpg 300w, https:\/\/julienlaborde.fr\/wp-content\/uploads\/2021\/06\/Tarnos.jpg 1024w\" sizes=\"(max-width: 768px) 100vw, 768px\" \/><\/figure><div class=\"elementor-image-box-content\"><p class=\"elementor-image-box-description\">Un air de vacances\n(Landes, 40)<br><strong><u>Mission:<\/u><\/strong><br>conception, r\u00e9alisation, plan de gestion<\/p><\/div><\/div>\t\t<\/div>\n\t\t\t\t<\/div>\n\t\t\t\t\t\t<\/div>\n\t\t\t\t\t<\/div>\n\t\t<\/div>\n\t\t\t\t<div class=\"elementor-column elementor-col-33 elementor-top-column elementor-element elementor-element-24dc9f5\" data-id=\"24dc9f5\" data-element_type=\"column\">\n\t\t\t<div class=\"elementor-column-wrap elementor-element-populated\">\n\t\t\t\t\t\t\t<div class=\"elementor-widget-wrap\">\n\t\t\t\t\t\t<div class=\"elementor-element elementor-element-a731585 elementor-position-top elementor-vertical-align-top elementor-widget elementor-widget-image-box\" data-id=\"a731585\" data-element_type=\"widget\" data-widget_type=\"image-box.default\">\n\t\t\t\t<div class=\"elementor-widget-container\">\n\t\t\t<div class=\"elementor-image-box-wrapper\"><figure class=\"elementor-image-box-img\"><img width=\"768\" height=\"480\" src=\"https:\/\/julienlaborde.fr\/wp-content\/uploads\/2021\/06\/la-courtiere-768x480.jpg\" class=\"attachment-medium_large size-medium_large\" alt=\"\" loading=\"lazy\" srcset=\"https:\/\/julienlaborde.fr\/wp-content\/uploads\/2021\/06\/la-courtiere-768x480.jpg 768w, https:\/\/julienlaborde.fr\/wp-content\/uploads\/2021\/06\/la-courtiere-300x188.jpg 300w, https:\/\/julienlaborde.fr\/wp-content\/uploads\/2021\/06\/la-courtiere.jpg 1024w\" sizes=\"(max-width: 768px) 100vw, 768px\" \/><\/figure><div class=\"elementor-image-box-content\"><p class=\"elementor-image-box-description\">Un coin de campagne\n(Deux-S\u00e8vres, 79)<br><strong><u>Mission:<\/u><\/strong><br>Esquisse<\/p><\/div><\/div>\t\t<\/div>\n\t\t\t\t<\/div>\n\t\t\t\t\t\t<\/div>\n\t\t\t\t\t<\/div>\n\t\t<\/div>\n\t\t\t\t<div class=\"elementor-column elementor-col-33 elementor-top-column elementor-element elementor-element-95a9479\" data-id=\"95a9479\" data-element_type=\"column\">\n\t\t\t<div class=\"elementor-column-wrap elementor-element-populated\">\n\t\t\t\t\t\t\t<div class=\"elementor-widget-wrap\">\n\t\t\t\t\t\t<div class=\"elementor-element elementor-element-250a539 elementor-position-top elementor-vertical-align-top elementor-widget elementor-widget-image-box\" data-id=\"250a539\" data-element_type=\"widget\" data-widget_type=\"image-box.default\">\n\t\t\t\t<div class=\"elementor-widget-container\">\n\t\t\t<div class=\"elementor-image-box-wrapper\"><figure class=\"elementor-image-box-img\"><img width=\"768\" height=\"480\" src=\"https:\/\/julienlaborde.fr\/wp-content\/uploads\/2021\/06\/NG-768x480.jpg\" class=\"attachment-medium_large size-medium_large\" alt=\"\" loading=\"lazy\" srcset=\"https:\/\/julienlaborde.fr\/wp-content\/uploads\/2021\/06\/NG-768x480.jpg 768w, https:\/\/julienlaborde.fr\/wp-content\/uploads\/2021\/06\/NG-300x188.jpg 300w, https:\/\/julienlaborde.fr\/wp-content\/uploads\/2021\/06\/NG.jpg 1024w\" sizes=\"(max-width: 768px) 100vw, 768px\" \/><\/figure><div class=\"elementor-image-box-content\"><p class=\"elementor-image-box-description\">Au bord des jalles\n(Gironde, 33)<br><strong><u>Mission:<\/u><\/strong><br><span style=\"font-size: 16px; font-style: normal; font-weight: 400;\">Esquisse<\/span><\/p><\/div><\/div>\t\t<\/div>\n\t\t\t\t<\/div>\n\t\t\t\t\t\t<\/div>\n\t\t\t\t\t<\/div>\n\t\t<\/div>\n\t\t\t\t\t\t\t\t<\/div>\n\t\t\t\t\t<\/div>\n\t\t<\/section>\n\t\t\t\t<section class=\"elementor-section elementor-top-section elementor-element elementor-element-708b22a elementor-section-boxed elementor-section-height-default elementor-section-height-default\" data-id=\"708b22a\" data-element_type=\"section\">\n\t\t\t\t\t\t<div class=\"elementor-container elementor-column-gap-wider\">\n\t\t\t\t\t\t\t<div class=\"elementor-row\">\n\t\t\t\t\t<div class=\"elementor-column elementor-col-33 elementor-top-column elementor-element elementor-element-012947e\" data-id=\"012947e\" data-element_type=\"column\">\n\t\t\t<div class=\"elementor-column-wrap elementor-element-populated\">\n\t\t\t\t\t\t\t<div class=\"elementor-widget-wrap\">\n\t\t\t\t\t\t<div class=\"elementor-element elementor-element-45f3a66 elementor-position-top elementor-vertical-align-top elementor-widget elementor-widget-image-box\" data-id=\"45f3a66\" data-element_type=\"widget\" data-widget_type=\"image-box.default\">\n\t\t\t\t<div class=\"elementor-widget-container\">\n\t\t\t<div class=\"elementor-image-box-wrapper\"><figure class=\"elementor-image-box-img\"><img width=\"768\" height=\"480\" src=\"https:\/\/julienlaborde.fr\/wp-content\/uploads\/2021\/06\/Agapanthes-768x480.jpg\" class=\"attachment-medium_large size-medium_large\" alt=\"\" loading=\"lazy\" srcset=\"https:\/\/julienlaborde.fr\/wp-content\/uploads\/2021\/06\/Agapanthes-768x480.jpg 768w, https:\/\/julienlaborde.fr\/wp-content\/uploads\/2021\/06\/Agapanthes-300x188.jpg 300w, https:\/\/julienlaborde.fr\/wp-content\/uploads\/2021\/06\/Agapanthes.jpg 1024w\" sizes=\"(max-width: 768px) 100vw, 768px\" \/><\/figure><div class=\"elementor-image-box-content\"><p class=\"elementor-image-box-description\">Le jardin des agapanthes\n(Gironde, 33)<br><span style=\"font-size: 16px; font-style: normal; font-weight: 700;\"><u>Mission:<\/u><\/span><br><span style=\"font-size: 16px; font-style: normal; font-weight: 400;\">conception, r\u00e9alisation, plan de gestion<\/span><\/p><\/div><\/div>\t\t<\/div>\n\t\t\t\t<\/div>\n\t\t\t\t\t\t<\/div>\n\t\t\t\t\t<\/div>\n\t\t<\/div>\n\t\t\t\t<div class=\"elementor-column elementor-col-33 elementor-top-column elementor-element elementor-element-553f7c2\" data-id=\"553f7c2\" data-element_type=\"column\">\n\t\t\t<div class=\"elementor-column-wrap elementor-element-populated\">\n\t\t\t\t\t\t\t<div class=\"elementor-widget-wrap\">\n\t\t\t\t\t\t<div class=\"elementor-element elementor-element-d029b78 elementor-position-top elementor-vertical-align-top elementor-widget elementor-widget-image-box\" data-id=\"d029b78\" data-element_type=\"widget\" data-widget_type=\"image-box.default\">\n\t\t\t\t<div class=\"elementor-widget-container\">\n\t\t\t<div class=\"elementor-image-box-wrapper\"><figure class=\"elementor-image-box-img\"><img width=\"768\" height=\"480\" src=\"https:\/\/julienlaborde.fr\/wp-content\/uploads\/2021\/06\/Manon-768x480.jpg\" class=\"attachment-medium_large size-medium_large\" alt=\"\" loading=\"lazy\" srcset=\"https:\/\/julienlaborde.fr\/wp-content\/uploads\/2021\/06\/Manon-768x480.jpg 768w, https:\/\/julienlaborde.fr\/wp-content\/uploads\/2021\/06\/Manon-300x188.jpg 300w, https:\/\/julienlaborde.fr\/wp-content\/uploads\/2021\/06\/Manon.jpg 1024w\" sizes=\"(max-width: 768px) 100vw, 768px\" \/><\/figure><div class=\"elementor-image-box-content\"><p class=\"elementor-image-box-description\">Une oasis en ville\n(Gironde, 33)<br><span style=\"font-size: 16px; font-style: normal; font-weight: 700;\"><u>Mission:<\/u><\/span><br><span style=\"font-size: 16px; font-style: normal; font-weight: 400;\">Esquisse<\/span><\/p><\/div><\/div>\t\t<\/div>\n\t\t\t\t<\/div>\n\t\t\t\t\t\t<\/div>\n\t\t\t\t\t<\/div>\n\t\t<\/div>\n\t\t\t\t<div class=\"elementor-column elementor-col-33 elementor-top-column elementor-element elementor-element-eb4962d\" data-id=\"eb4962d\" data-element_type=\"column\">\n\t\t\t<div class=\"elementor-column-wrap elementor-element-populated\">\n\t\t\t\t\t\t\t<div class=\"elementor-widget-wrap\">\n\t\t\t\t\t\t<div class=\"elementor-element elementor-element-b9155f0 elementor-position-top elementor-vertical-align-top elementor-widget elementor-widget-image-box\" data-id=\"b9155f0\" data-element_type=\"widget\" data-widget_type=\"image-box.default\">\n\t\t\t\t<div class=\"elementor-widget-container\">\n\t\t\t<div class=\"elementor-image-box-wrapper\"><figure class=\"elementor-image-box-img\"><img width=\"768\" height=\"480\" src=\"https:\/\/julienlaborde.fr\/wp-content\/uploads\/2021\/06\/vue-1-768x480.jpg\" class=\"attachment-medium_large size-medium_large\" alt=\"\" loading=\"lazy\" srcset=\"https:\/\/julienlaborde.fr\/wp-content\/uploads\/2021\/06\/vue-1-768x480.jpg 768w, https:\/\/julienlaborde.fr\/wp-content\/uploads\/2021\/06\/vue-1-300x188.jpg 300w, https:\/\/julienlaborde.fr\/wp-content\/uploads\/2021\/06\/vue-1.jpg 1024w\" sizes=\"(max-width: 768px) 100vw, 768px\" \/><\/figure><div class=\"elementor-image-box-content\"><p class=\"elementor-image-box-description\">Une terrasse sur les toits\n(Gironde, 33)<br><span style=\"font-size: 16px; font-style: normal; font-weight: 700;\"><u>Mission:<\/u><\/span><br><span style=\"font-size: 16px; font-style: normal; font-weight: 400;\">Esquisse<\/span><\/p><\/div><\/div>\t\t<\/div>\n\t\t\t\t<\/div>\n\t\t\t\t\t\t<\/div>\n\t\t\t\t\t<\/div>\n\t\t<\/div>\n\t\t\t\t\t\t\t\t<\/div>\n\t\t\t\t\t<\/div>\n\t\t<\/section>\n\t\t\t\t<section class=\"elementor-section elementor-top-section elementor-element elementor-element-95eca28 elementor-section-boxed elementor-section-height-default elementor-section-height-default\" data-id=\"95eca28\" data-element_type=\"section\">\n\t\t\t\t\t\t<div class=\"elementor-container elementor-column-gap-wider\">\n\t\t\t\t\t\t\t<div class=\"elementor-row\">\n\t\t\t\t\t<div class=\"elementor-column elementor-col-33 elementor-top-column elementor-element elementor-element-74dc953\" data-id=\"74dc953\" data-element_type=\"column\">\n\t\t\t<div class=\"elementor-column-wrap elementor-element-populated\">\n\t\t\t\t\t\t\t<div class=\"elementor-widget-wrap\">\n\t\t\t\t\t\t<div class=\"elementor-element elementor-element-2d34859 elementor-position-top elementor-vertical-align-top elementor-widget elementor-widget-image-box\" data-id=\"2d34859\" data-element_type=\"widget\" data-widget_type=\"image-box.default\">\n\t\t\t\t<div class=\"elementor-widget-container\">\n\t\t\t<div class=\"elementor-image-box-wrapper\"><figure class=\"elementor-image-box-img\"><img width=\"768\" height=\"480\" src=\"https:\/\/julienlaborde.fr\/wp-content\/uploads\/2021\/06\/Rachel-768x480.jpg\" class=\"attachment-medium_large size-medium_large\" alt=\"\" loading=\"lazy\" srcset=\"https:\/\/julienlaborde.fr\/wp-content\/uploads\/2021\/06\/Rachel-768x480.jpg 768w, https:\/\/julienlaborde.fr\/wp-content\/uploads\/2021\/06\/Rachel-300x188.jpg 300w, https:\/\/julienlaborde.fr\/wp-content\/uploads\/2021\/06\/Rachel.jpg 1024w\" sizes=\"(max-width: 768px) 100vw, 768px\" \/><\/figure><div class=\"elementor-image-box-content\"><p class=\"elementor-image-box-description\"><span style=\"font-size: 16px; font-style: normal; font-weight: 400;\">Au milieu des vignes\n(Gironde, 33)<\/span><br><span style=\"font-size: 16px; font-style: normal; font-weight: 700;\"><u>Mission:<\/u><\/span><br><span style=\"font-size: 16px; font-style: normal; font-weight: 400;\">Esquisse<\/span><\/p><\/div><\/div>\t\t<\/div>\n\t\t\t\t<\/div>\n\t\t\t\t\t\t<\/div>\n\t\t\t\t\t<\/div>\n\t\t<\/div>\n\t\t\t\t<div class=\"elementor-column elementor-col-33 elementor-top-column elementor-element elementor-element-77e9545\" data-id=\"77e9545\" data-element_type=\"column\">\n\t\t\t<div class=\"elementor-column-wrap elementor-element-populated\">\n\t\t\t\t\t\t\t<div class=\"elementor-widget-wrap\">\n\t\t\t\t\t\t<div class=\"elementor-element elementor-element-f52a915 elementor-position-top elementor-vertical-align-top elementor-widget elementor-widget-image-box\" data-id=\"f52a915\" data-element_type=\"widget\" data-widget_type=\"image-box.default\">\n\t\t\t\t<div class=\"elementor-widget-container\">\n\t\t\t<div class=\"elementor-image-box-wrapper\"><figure class=\"elementor-image-box-img\"><img width=\"768\" height=\"480\" src=\"https:\/\/julienlaborde.fr\/wp-content\/uploads\/2021\/07\/20190722_191049-1-768x480.jpg\" class=\"attachment-medium_large size-medium_large\" alt=\"\" loading=\"lazy\" srcset=\"https:\/\/julienlaborde.fr\/wp-content\/uploads\/2021\/07\/20190722_191049-1-768x480.jpg 768w, https:\/\/julienlaborde.fr\/wp-content\/uploads\/2021\/07\/20190722_191049-1-300x188.jpg 300w, https:\/\/julienlaborde.fr\/wp-content\/uploads\/2021\/07\/20190722_191049-1.jpg 1024w\" sizes=\"(max-width: 768px) 100vw, 768px\" \/><\/figure><div class=\"elementor-image-box-content\"><p class=\"elementor-image-box-description\">Un cocon de verdure\n(Gironde, 33)<br><span style=\"font-size: 16px; font-style: normal; font-weight: 700;\"><u>Mission:<\/u><\/span><br>Conception, r\u00e9alisation<\/p><\/div><\/div>\t\t<\/div>\n\t\t\t\t<\/div>\n\t\t\t\t\t\t<\/div>\n\t\t\t\t\t<\/div>\n\t\t<\/div>\n\t\t\t\t<div class=\"elementor-column elementor-col-33 elementor-top-column elementor-element elementor-element-a449044\" data-id=\"a449044\" data-element_type=\"column\">\n\t\t\t<div class=\"elementor-column-wrap\">\n\t\t\t\t\t\t\t<div class=\"elementor-widget-wrap\">\n\t\t\t\t\t\t\t\t<\/div>\n\t\t\t\t\t<\/div>\n\t\t<\/div>\n\t\t\t\t\t\t\t\t<\/div>\n\t\t\t\t\t<\/div>\n\t\t<\/section>\n\t\t\t\t<section class=\"elementor-section elementor-top-section elementor-element elementor-element-e80dd3e elementor-section-boxed elementor-section-height-default elementor-section-height-default\" data-id=\"e80dd3e\" data-element_type=\"section\">\n\t\t\t\t\t\t<div class=\"elementor-container elementor-column-gap-wider\">\n\t\t\t\t\t\t\t<div class=\"elementor-row\">\n\t\t\t\t\t<div class=\"elementor-column elementor-col-33 elementor-top-column elementor-element elementor-element-adb3c32\" data-id=\"adb3c32\" data-element_type=\"column\">\n\t\t\t<div class=\"elementor-column-wrap\">\n\t\t\t\t\t\t\t<div class=\"elementor-widget-wrap\">\n\t\t\t\t\t\t\t\t<\/div>\n\t\t\t\t\t<\/div>\n\t\t<\/div>\n\t\t\t\t<div class=\"elementor-column elementor-col-33 elementor-top-column elementor-element elementor-element-d0fa217\" data-id=\"d0fa217\" data-element_type=\"column\">\n\t\t\t<div class=\"elementor-column-wrap\">\n\t\t\t\t\t\t\t<div class=\"elementor-widget-wrap\">\n\t\t\t\t\t\t\t\t<\/div>\n\t\t\t\t\t<\/div>\n\t\t<\/div>\n\t\t\t\t<div class=\"elementor-column elementor-col-33 elementor-top-column elementor-element elementor-element-1c30251\" data-id=\"1c30251\" data-element_type=\"column\">\n\t\t\t<div class=\"elementor-column-wrap\">\n\t\t\t\t\t\t\t<div class=\"elementor-widget-wrap\">\n\t\t\t\t\t\t\t\t<\/div>\n\t\t\t\t\t<\/div>\n\t\t<\/div>\n\t\t\t\t\t\t\t\t<\/div>\n\t\t\t\t\t<\/div>\n\t\t<\/section>\n\t\t\t\t<section class=\"elementor-section elementor-top-section elementor-element elementor-element-d196566 elementor-section-boxed elementor-section-height-default elementor-section-height-default\" data-id=\"d196566\" data-element_type=\"section\">\n\t\t\t\t\t\t<div class=\"elementor-container elementor-column-gap-default\">\n\t\t\t\t\t\t\t<div class=\"elementor-row\">\n\t\t\t\t\t<div class=\"elementor-column elementor-col-100 elementor-top-column elementor-element elementor-element-c0bf661\" data-id=\"c0bf661\" data-element_type=\"column\">\n\t\t\t<div class=\"elementor-column-wrap elementor-element-populated\">\n\t\t\t\t\t\t\t<div class=\"elementor-widget-wrap\">\n\t\t\t\t\t\t<div class=\"elementor-element elementor-element-c9f7f9b elementor-widget elementor-widget-text-editor\" data-id=\"c9f7f9b\" data-element_type=\"widget\" data-widget_type=\"text-editor.default\">\n\t\t\t\t<div class=\"elementor-widget-container\">\n\t\t\t\t\t<div class=\"elementor-text-editor elementor-clearfix\"><h1>Concours \/ Jardins \u00e9ph\u00e9m\u00e8res\u00a0<\/h1><p>Projets et interventions artistiques r\u00e9alis\u00e9es dans le cadre de manifestations culturelles<\/p><\/div>\n\t\t\t\t<\/div>\n\t\t\t\t<\/div>\n\t\t\t\t\t\t<\/div>\n\t\t\t\t\t<\/div>\n\t\t<\/div>\n\t\t\t\t\t\t\t\t<\/div>\n\t\t\t\t\t<\/div>\n\t\t<\/section>\n\t\t\t\t<section class=\"elementor-section elementor-top-section elementor-element elementor-element-da7930f elementor-section-boxed elementor-section-height-default elementor-section-height-default\" data-id=\"da7930f\" data-element_type=\"section\">\n\t\t\t\t\t\t<div class=\"elementor-container elementor-column-gap-wider\">\n\t\t\t\t\t\t\t<div class=\"elementor-row\">\n\t\t\t\t\t<div class=\"elementor-column elementor-col-33 elementor-top-column elementor-element elementor-element-863e488\" data-id=\"863e488\" data-element_type=\"column\">\n\t\t\t<div class=\"elementor-column-wrap elementor-element-populated\">\n\t\t\t\t\t\t\t<div class=\"elementor-widget-wrap\">\n\t\t\t\t\t\t<div class=\"elementor-element elementor-element-8a3949a elementor-position-top elementor-vertical-align-top elementor-widget elementor-widget-image-box\" data-id=\"8a3949a\" data-element_type=\"widget\" data-widget_type=\"image-box.default\">\n\t\t\t\t<div class=\"elementor-widget-container\">\n\t\t\t<div class=\"elementor-image-box-wrapper\"><figure class=\"elementor-image-box-img\"><img width=\"768\" height=\"480\" src=\"https:\/\/julienlaborde.fr\/wp-content\/uploads\/2021\/06\/Artigues-768x480.jpg\" class=\"attachment-medium_large size-medium_large\" alt=\"\" loading=\"lazy\" srcset=\"https:\/\/julienlaborde.fr\/wp-content\/uploads\/2021\/06\/Artigues-768x480.jpg 768w, https:\/\/julienlaborde.fr\/wp-content\/uploads\/2021\/06\/Artigues-300x188.jpg 300w, https:\/\/julienlaborde.fr\/wp-content\/uploads\/2021\/06\/Artigues.jpg 1024w\" sizes=\"(max-width: 768px) 100vw, 768px\" \/><\/figure><div class=\"elementor-image-box-content\"><p class=\"elementor-image-box-description\"><span style=\"white-space: normal;\">\u2018Art-tiges, quand la vigne n\u2019est plus l\u00e0\u2019\u2019&nbsp;<\/span><br><strong><u>Festival Art et Paysage<\/u><\/strong><br>Artigues-Pr\u00e8s-Bordeaux<\/p><\/div><\/div>\t\t<\/div>\n\t\t\t\t<\/div>\n\t\t\t\t\t\t<\/div>\n\t\t\t\t\t<\/div>\n\t\t<\/div>\n\t\t\t\t<div class=\"elementor-column elementor-col-33 elementor-top-column elementor-element elementor-element-3ee0fe6\" data-id=\"3ee0fe6\" data-element_type=\"column\">\n\t\t\t<div class=\"elementor-column-wrap elementor-element-populated\">\n\t\t\t\t\t\t\t<div class=\"elementor-widget-wrap\">\n\t\t\t\t\t\t<div class=\"elementor-element elementor-element-944e7e4 elementor-position-top elementor-vertical-align-top elementor-widget elementor-widget-image-box\" data-id=\"944e7e4\" data-element_type=\"widget\" data-widget_type=\"image-box.default\">\n\t\t\t\t<div class=\"elementor-widget-container\">\n\t\t\t<div class=\"elementor-image-box-wrapper\"><figure class=\"elementor-image-box-img\"><img width=\"768\" height=\"480\" src=\"https:\/\/julienlaborde.fr\/wp-content\/uploads\/2021\/06\/IMG_9027-768x480.jpg\" class=\"attachment-medium_large size-medium_large\" alt=\"\" loading=\"lazy\" srcset=\"https:\/\/julienlaborde.fr\/wp-content\/uploads\/2021\/06\/IMG_9027-768x480.jpg 768w, https:\/\/julienlaborde.fr\/wp-content\/uploads\/2021\/06\/IMG_9027-300x188.jpg 300w, https:\/\/julienlaborde.fr\/wp-content\/uploads\/2021\/06\/IMG_9027.jpg 1024w\" sizes=\"(max-width: 768px) 100vw, 768px\" \/><\/figure><div class=\"elementor-image-box-content\"><p class=\"elementor-image-box-description\">\u2018\u2018Walk of Farm\u2019\u2019<br><strong><u>Festival Polyculture:<\/u><\/strong><br>Cycle d\u2019Art Contemporain de la ferme du Vernand, Fourneaux (42)<\/p><\/div><\/div>\t\t<\/div>\n\t\t\t\t<\/div>\n\t\t\t\t\t\t<\/div>\n\t\t\t\t\t<\/div>\n\t\t<\/div>\n\t\t\t\t<div class=\"elementor-column elementor-col-33 elementor-top-column elementor-element elementor-element-743ea5b\" data-id=\"743ea5b\" data-element_type=\"column\">\n\t\t\t<div class=\"elementor-column-wrap\">\n\t\t\t\t\t\t\t<div class=\"elementor-widget-wrap\">\n\t\t\t\t\t\t\t\t<\/div>\n\t\t\t\t\t<\/div>\n\t\t<\/div>\n\t\t\t\t\t\t\t\t<\/div>\n\t\t\t\t\t<\/div>\n\t\t<\/section>\n\t\t\t\t\t\t<\/div>\n\t\t\t\t\t\t<\/div>\n\t\t\t\t\t<\/div>\n\t\t","protected":false},"excerpt":{"rendered":"<p>Conception de jardins Nous vous accompagnons pour l&rsquo;am\u00e9nagement de votre terrasse, jardin ou parc. Nos formules vont du conseil ou esquisse jusqu&rsquo;\u00e0 la conception compl\u00e8te. D\u00e9couvrez nos diff\u00e9rentes formules et tarifs: Cliquer ici Un air de vacances (Landes, 40)Mission:conception, r\u00e9alisation, plan de gestion Un coin de campagne (Deux-S\u00e8vres, 79)Mission:Esquisse Au bord des jalles (Gironde, 33)Mission:Esquisse &hellip;<\/p>\n<p class=\"read-more\"> <a class=\"\" href=\"https:\/\/julienlaborde.fr\/?page_id=1269\"> <span class=\"screen-reader-text\">Conception de jardins<\/span> Lire la suite\u00a0\u00bb<\/a><\/p>\n","protected":false},"author":1,"featured_media":0,"parent":0,"menu_order":0,"comment_status":"closed","ping_status":"closed","template":"","meta":[],"_links":{"self":[{"href":"https:\/\/julienlaborde.fr\/index.php?rest_route=\/wp\/v2\/pages\/1269"}],"collection":[{"href":"https:\/\/julienlaborde.fr\/index.php?rest_route=\/wp\/v2\/pages"}],"about":[{"href":"https:\/\/julienlaborde.fr\/index.php?rest_route=\/wp\/v2\/types\/page"}],"author":[{"embeddable":true,"href":"https:\/\/julienlaborde.fr\/index.php?rest_route=\/wp\/v2\/users\/1"}],"replies":[{"embeddable":true,"href":"https:\/\/julienlaborde.fr\/index.php?rest_route=%2Fwp%2Fv2%2Fcomments&post=1269"}],"version-history":[{"count":40,"href":"https:\/\/julienlaborde.fr\/index.php?rest_route=\/wp\/v2\/pages\/1269\/revisions"}],"predecessor-version":[{"id":1533,"href":"https:\/\/julienlaborde.fr\/index.php?rest_route=\/wp\/v2\/pages\/1269\/revisions\/1533"}],"wp:attachment":[{"href":"https:\/\/julienlaborde.fr\/index.php?rest_route=%2Fwp%2Fv2%2Fmedia&parent=1269"}],"curies":[{"name":"wp","href":"https:\/\/api.w.org\/{rel}","templated":true}]}}